{"id":11,"date":"2020-05-21T17:14:52","date_gmt":"2020-05-21T17:14:52","guid":{"rendered":"https:\/\/www.sygeplus.dk\/?page_id=11"},"modified":"2020-05-30T20:37:19","modified_gmt":"2020-05-30T18:37:19","slug":"om-sygeplus","status":"publish","type":"page","link":"https:\/\/www.sygeplus.dk\/","title":{"rendered":"Patientsikkerhed f\u00f8rst"},"content":{"rendered":"\n<p><strong>Velkommen til Sygeplus<\/strong><\/p>\n\n\n\n<p>Her g\u00e5r sygepleje og patientsikkerhed h\u00e5nd i h\u00e5nd. Hvad enten behovet er for den omsorgsfulde og n\u00e6rv\u00e6rende sygepleje eller i dokumentation og koordinering.<\/p>\n\n\n\n<p>Sygeplus indehaves af en erfaren, autoriseret sygeplejerske, som sikrer h\u00f8j  praktisk og teoretisk faglighed, fleksibilitet og ansvarlighed.<\/p>\n","protected":false},"excerpt":{"rendered":"<p>Velkommen til Sygeplus Her g\u00e5r sygepleje og patientsikkerhed h\u00e5nd i h\u00e5nd. Hvad enten behovet er for den omsorgsfulde og n\u00e6rv\u00e6rende sygepleje eller i dokumentation og koordinering. Sygeplus indehaves af en erfaren, autoriseret sygeplejerske, som sikrer h\u00f8j praktisk og teoretisk faglighed, fleksibilitet og ansvarlighed.<\/p>\n","protected":false},"author":1,"featured_media":0,"parent":0,"menu_order":0,"comment_status":"closed","ping_status":"closed","template":"","meta":{"footnotes":""},"class_list":["post-11","page","type-page","status-publish","hentry"],"_links":{"self":[{"href":"https:\/\/www.sygeplus.dk\/index.php\/wp-json\/wp\/v2\/pages\/11","targetHints":{"allow":["GET"]}}],"collection":[{"href":"https:\/\/www.sygeplus.dk\/index.php\/wp-json\/wp\/v2\/pages"}],"about":[{"href":"https:\/\/www.sygeplus.dk\/index.php\/wp-json\/wp\/v2\/types\/page"}],"author":[{"embeddable":true,"href":"https:\/\/www.sygeplus.dk\/index.php\/wp-json\/wp\/v2\/users\/1"}],"replies":[{"embeddable":true,"href":"https:\/\/www.sygeplus.dk\/index.php\/wp-json\/wp\/v2\/comments?post=11"}],"version-history":[{"count":4,"href":"https:\/\/www.sygeplus.dk\/index.php\/wp-json\/wp\/v2\/pages\/11\/revisions"}],"predecessor-version":[{"id":100,"href":"https:\/\/www.sygeplus.dk\/index.php\/wp-json\/wp\/v2\/pages\/11\/revisions\/100"}],"wp:attachment":[{"href":"https:\/\/www.sygeplus.dk\/index.php\/wp-json\/wp\/v2\/media?parent=11"}],"curies":[{"name":"wp","href":"https:\/\/api.w.org\/{rel}","templated":true}]}}